{"id":583,"date":"2025-02-07T00:53:55","date_gmt":"2025-02-07T00:53:55","guid":{"rendered":"https:\/\/www.mm-eng.com\/?page_id=583"},"modified":"2025-02-07T00:56:19","modified_gmt":"2025-02-07T00:56:19","slug":"faro-3d","status":"publish","type":"page","link":"https:\/\/www.mm-eng.com\/es\/faro-3d\/","title":{"rendered":"Faro 3D"},"content":{"rendered":"<div data-elementor-type=\"wp-page\" data-elementor-id=\"583\" class=\"elementor elementor-583\">\n\t\t\t\t<div class=\"elementor-element elementor-element-f27f196 e-flex e-con-boxed e-con e-parent\" data-id=\"f27f196\" data-element_type=\"container\" data-e-type=\"container\">\n\t\t\t\t\t<div class=\"e-con-inner\">\n\t\t\t\t<div class=\"elementor-element elementor-element-83dc5c5 elementor-widget elementor-widget-spacer\" data-id=\"83dc5c5\" data-element_type=\"widget\" data-e-type=\"widget\" data-widget_type=\"spacer.default\">\n\t\t\t\t<div class=\"elementor-widget-container\">\n\t\t\t\t\t\t\t<div class=\"elementor-spacer\">\n\t\t\t<div class=\"elementor-spacer-inner\"><\/div>\n\t\t<\/div>\n\t\t\t\t\t\t<\/div>\n\t\t\t\t<\/div>\n\t\t\t\t\t<\/div>\n\t\t\t\t<\/div>\n\t\t<div class=\"elementor-element elementor-element-377b956 e-flex e-con-boxed e-con e-parent\" data-id=\"377b956\" data-element_type=\"container\" data-e-type=\"container\">\n\t\t\t\t\t<div class=\"e-con-inner\">\n\t\t\t\t<div class=\"elementor-element elementor-element-b5585c3 elementor-widget elementor-widget-heading\" data-id=\"b5585c3\" data-element_type=\"widget\" data-e-type=\"widget\" data-widget_type=\"heading.default\">\n\t\t\t\t<div class=\"elementor-widget-container\">\n\t\t\t\t\t<h1 class=\"elementor-heading-title elementor-size-default\">Faro 3D<\/h1>\t\t\t\t<\/div>\n\t\t\t\t<\/div>\n\t\t\t\t<div class=\"elementor-element elementor-element-ad44faf elementor-widget elementor-widget-spacer\" data-id=\"ad44faf\" data-element_type=\"widget\" data-e-type=\"widget\" data-widget_type=\"spacer.default\">\n\t\t\t\t<div class=\"elementor-widget-container\">\n\t\t\t\t\t\t\t<div class=\"elementor-spacer\">\n\t\t\t<div class=\"elementor-spacer-inner\"><\/div>\n\t\t<\/div>\n\t\t\t\t\t\t<\/div>\n\t\t\t\t<\/div>\n\t\t\t\t\t<\/div>\n\t\t\t\t<\/div>\n\t\t<div class=\"elementor-element elementor-element-3b888fb e-flex e-con-boxed e-con e-parent\" data-id=\"3b888fb\" data-element_type=\"container\" data-e-type=\"container\">\n\t\t\t\t\t<div class=\"e-con-inner\">\n\t\t<div class=\"elementor-element elementor-element-514b103 e-con-full e-flex e-con e-child\" data-id=\"514b103\" data-element_type=\"container\" data-e-type=\"container\">\n\t\t\t\t<div class=\"elementor-element elementor-element-d17bd65 elementor-widget elementor-widget-heading\" data-id=\"d17bd65\" data-element_type=\"widget\" data-e-type=\"widget\" data-widget_type=\"heading.default\">\n\t\t\t\t<div class=\"elementor-widget-container\">\n\t\t\t\t\t<h4 class=\"elementor-heading-title elementor-size-default\">MM ENGINEERS<\/h4>\t\t\t\t<\/div>\n\t\t\t\t<\/div>\n\t\t\t\t<div class=\"elementor-element elementor-element-29c75c9 elementor-widget elementor-widget-text-editor\" data-id=\"29c75c9\" data-element_type=\"widget\" data-e-type=\"widget\" data-widget_type=\"text-editor.default\">\n\t\t\t\t<div class=\"elementor-widget-container\">\n\t\t\t\t\t\t\t\t\t<p>El levantamiento 3D se utiliza para capturar diversas \u00e1reas, incluidos grandes proyectos al aire libre con su rango extendido; se realiza con un esc\u00e1ner 3D FARO FOCUS CORE USA, que captura grandes vol\u00famenes de datos con excelente precisi\u00f3n y menor tiempo de registro. Los datos capturados se utilizan para producir una nube de puntos 3D, donde cada punto tiene una coordenada XYZ; el alcance es:<br \/>\u2022Realizar levantamientos arquitect\u00f3nicos de manera r\u00e1pida y sencilla<br \/>\u2022 Crear planos de edificios, naves o plantas industriales<br \/>\u2022 Obtener curvas de nivel<br \/>\u2022 Analizar volumetr\u00edas en miner\u00edas, silos, carreteras\u00a0y\u00a0otros\u00a0lugares<\/p>\t\t\t\t\t\t\t\t<\/div>\n\t\t\t\t<\/div>\n\t\t\t\t<\/div>\n\t\t\t\t<div class=\"elementor-element elementor-element-7658b5e elementor-widget elementor-widget-spacer\" data-id=\"7658b5e\" data-element_type=\"widget\" data-e-type=\"widget\" data-widget_type=\"spacer.default\">\n\t\t\t\t<div class=\"elementor-widget-container\">\n\t\t\t\t\t\t\t<div class=\"elementor-spacer\">\n\t\t\t<div class=\"elementor-spacer-inner\"><\/div>\n\t\t<\/div>\n\t\t\t\t\t\t<\/div>\n\t\t\t\t<\/div>\n\t\t<div class=\"elementor-element elementor-element-682135e e-con-full e-flex e-con e-child\" data-id=\"682135e\" data-element_type=\"container\" data-e-type=\"container\">\n\t\t\t\t<div class=\"elementor-element elementor-element-2130ea5 elementor-widget elementor-widget-image\" data-id=\"2130ea5\" data-element_type=\"widget\" data-e-type=\"widget\" data-widget_type=\"image.default\">\n\t\t\t\t<div class=\"elementor-widget-container\">\n\t\t\t\t\t\t\t\t\t\t\t\t\t\t\t<img fetchpriority=\"high\" decoding=\"async\" width=\"800\" height=\"600\" src=\"https:\/\/i0.wp.com\/www.mm-eng.com\/wp-content\/uploads\/2025\/02\/FARO-3D.jpg?fit=800%2C600&amp;ssl=1\" class=\"attachment-large size-large wp-image-584\" alt=\"\" srcset=\"https:\/\/i0.wp.com\/www.mm-eng.com\/wp-content\/uploads\/2025\/02\/FARO-3D.jpg?w=800&amp;ssl=1 800w, https:\/\/i0.wp.com\/www.mm-eng.com\/wp-content\/uploads\/2025\/02\/FARO-3D.jpg?resize=300%2C225&amp;ssl=1 300w, https:\/\/i0.wp.com\/www.mm-eng.com\/wp-content\/uploads\/2025\/02\/FARO-3D.jpg?resize=768%2C576&amp;ssl=1 768w, https:\/\/i0.wp.com\/www.mm-eng.com\/wp-content\/uploads\/2025\/02\/FARO-3D.jpg?resize=16%2C12&amp;ssl=1 16w\" sizes=\"(max-width: 800px) 100vw, 800px\" \/>\t\t\t\t\t\t\t\t\t\t\t\t\t\t\t<\/div>\n\t\t\t\t<\/div>\n\t\t\t\t<div class=\"elementor-element elementor-element-b99bd73 elementor-widget elementor-widget-image\" data-id=\"b99bd73\" data-element_type=\"widget\" data-e-type=\"widget\" data-widget_type=\"image.default\">\n\t\t\t\t<div class=\"elementor-widget-container\">\n\t\t\t\t\t\t\t\t\t\t\t\t\t\t\t<img decoding=\"async\" width=\"600\" height=\"337\" src=\"https:\/\/i0.wp.com\/www.mm-eng.com\/wp-content\/uploads\/2025\/02\/FocusCore.jpg?fit=600%2C337&amp;ssl=1\" class=\"attachment-large size-large wp-image-585\" alt=\"\" srcset=\"https:\/\/i0.wp.com\/www.mm-eng.com\/wp-content\/uploads\/2025\/02\/FocusCore.jpg?w=600&amp;ssl=1 600w, https:\/\/i0.wp.com\/www.mm-eng.com\/wp-content\/uploads\/2025\/02\/FocusCore.jpg?resize=300%2C169&amp;ssl=1 300w, https:\/\/i0.wp.com\/www.mm-eng.com\/wp-content\/uploads\/2025\/02\/FocusCore.jpg?resize=18%2C10&amp;ssl=1 18w\" sizes=\"(max-width: 600px) 100vw, 600px\" \/>\t\t\t\t\t\t\t\t\t\t\t\t\t\t\t<\/div>\n\t\t\t\t<\/div>\n\t\t\t\t<\/div>\n\t\t\t\t\t<\/div>\n\t\t\t\t<\/div>\n\t\t\t\t<\/div>","protected":false},"excerpt":{"rendered":"<p>Faro 3D MM ENGINEERS 3D surveying is used to capture various areas, including large outdoor projects with its extended range; it is performed with a FARO FOCUS CORE USA 3D&hellip;<\/p>","protected":false},"author":1,"featured_media":0,"parent":0,"menu_order":0,"comment_status":"closed","ping_status":"open","template":"elementor_header_footer","meta":{"footnotes":""},"class_list":["post-583","page","type-page","status-publish","hentry"],"_links":{"self":[{"href":"https:\/\/www.mm-eng.com\/es\/wp-json\/wp\/v2\/pages\/583","targetHints":{"allow":["GET"]}}],"collection":[{"href":"https:\/\/www.mm-eng.com\/es\/wp-json\/wp\/v2\/pages"}],"about":[{"href":"https:\/\/www.mm-eng.com\/es\/wp-json\/wp\/v2\/types\/page"}],"author":[{"embeddable":true,"href":"https:\/\/www.mm-eng.com\/es\/wp-json\/wp\/v2\/users\/1"}],"replies":[{"embeddable":true,"href":"https:\/\/www.mm-eng.com\/es\/wp-json\/wp\/v2\/comments?post=583"}],"version-history":[{"count":3,"href":"https:\/\/www.mm-eng.com\/es\/wp-json\/wp\/v2\/pages\/583\/revisions"}],"predecessor-version":[{"id":588,"href":"https:\/\/www.mm-eng.com\/es\/wp-json\/wp\/v2\/pages\/583\/revisions\/588"}],"wp:attachment":[{"href":"https:\/\/www.mm-eng.com\/es\/wp-json\/wp\/v2\/media?parent=583"}],"curies":[{"name":"wp","href":"https:\/\/api.w.org\/{rel}","templated":true}]}}