{"id":273,"date":"2024-09-03T05:11:07","date_gmt":"2024-09-03T05:11:07","guid":{"rendered":"https:\/\/www.mm-eng.com\/?page_id=273"},"modified":"2024-10-11T20:32:14","modified_gmt":"2024-10-11T20:32:14","slug":"publications","status":"publish","type":"page","link":"https:\/\/www.mm-eng.com\/es\/publications\/","title":{"rendered":"Publicaciones"},"content":{"rendered":"<div data-elementor-type=\"wp-page\" data-elementor-id=\"273\" class=\"elementor elementor-273\">\n\t\t\t\t<div class=\"elementor-element elementor-element-90096ae e-flex e-con-boxed e-con e-parent\" data-id=\"90096ae\" data-element_type=\"container\" data-e-type=\"container\">\n\t\t\t\t\t<div class=\"e-con-inner\">\n\t\t<div class=\"elementor-element elementor-element-94e5a09 e-con-full e-flex e-con e-child\" data-id=\"94e5a09\" data-element_type=\"container\" data-e-type=\"container\">\n\t\t\t\t<div class=\"elementor-element elementor-element-a5ce137 elementor-widget elementor-widget-image\" data-id=\"a5ce137\" data-element_type=\"widget\" data-e-type=\"widget\" data-widget_type=\"image.default\">\n\t\t\t\t<div class=\"elementor-widget-container\">\n\t\t\t\t\t\t\t\t\t\t\t\t\t\t\t<img fetchpriority=\"high\" decoding=\"async\" width=\"500\" height=\"333\" src=\"https:\/\/i0.wp.com\/www.mm-eng.com\/wp-content\/uploads\/2024\/09\/concrete.jpg?fit=500%2C333&amp;ssl=1\" class=\"attachment-large size-large wp-image-280\" alt=\"\" srcset=\"https:\/\/i0.wp.com\/www.mm-eng.com\/wp-content\/uploads\/2024\/09\/concrete.jpg?w=500&amp;ssl=1 500w, https:\/\/i0.wp.com\/www.mm-eng.com\/wp-content\/uploads\/2024\/09\/concrete.jpg?resize=300%2C200&amp;ssl=1 300w\" sizes=\"(max-width: 500px) 100vw, 500px\" \/>\t\t\t\t\t\t\t\t\t\t\t\t\t\t\t<\/div>\n\t\t\t\t<\/div>\n\t\t\t\t<\/div>\n\t\t<div class=\"elementor-element elementor-element-b912f57 e-con-full e-flex e-con e-child\" data-id=\"b912f57\" data-element_type=\"container\" data-e-type=\"container\">\n\t\t\t\t<div class=\"elementor-element elementor-element-df00ca6 elementor-widget elementor-widget-heading\" data-id=\"df00ca6\" data-element_type=\"widget\" data-e-type=\"widget\" data-widget_type=\"heading.default\">\n\t\t\t\t<div class=\"elementor-widget-container\">\n\t\t\t\t\t<h4 class=\"elementor-heading-title elementor-size-default\">VARIACION EN LA CUANTIA DE ARMADO DE UN MARCO DE CONCRETO REFORZADO SEG\u00daN SU NIVEL DE DUCTILIDAD<\/h4>\t\t\t\t<\/div>\n\t\t\t\t<\/div>\n\t\t\t\t<div class=\"elementor-element elementor-element-d762494 elementor-widget elementor-widget-heading\" data-id=\"d762494\" data-element_type=\"widget\" data-e-type=\"widget\" data-widget_type=\"heading.default\">\n\t\t\t\t<div class=\"elementor-widget-container\">\n\t\t\t\t\t<h6 class=\"elementor-heading-title elementor-size-default\">5 April, 2023<\/h6>\t\t\t\t<\/div>\n\t\t\t\t<\/div>\n\t\t\t\t<div class=\"elementor-element elementor-element-789c946 elementor-align-center elementor-widget elementor-widget-button\" data-id=\"789c946\" data-element_type=\"widget\" data-e-type=\"widget\" data-widget_type=\"button.default\">\n\t\t\t\t<div class=\"elementor-widget-container\">\n\t\t\t\t\t\t\t\t\t<div class=\"elementor-button-wrapper\">\n\t\t\t\t\t<a class=\"elementor-button elementor-button-link elementor-size-sm\" href=\"#\">\n\t\t\t\t\t\t<span class=\"elementor-button-content-wrapper\">\n\t\t\t\t\t\t<span class=\"elementor-button-icon\">\n\t\t\t\t<svg aria-hidden=\"true\" class=\"e-font-icon-svg e-fab-readme\" viewbox=\"0 0 576 512\" xmlns=\"http:\/\/www.w3.org\/2000\/svg\"><path d=\"M528.3 46.5H388.5c-48.1 0-89.9 33.3-100.4 80.3-10.6-47-52.3-80.3-100.4-80.3H48c-26.5 0-48 21.5-48 48v245.8c0 26.5 21.5 48 48 48h89.7c102.2 0 132.7 24.4 147.3 75 .7 2.8 5.2 2.8 6 0 14.7-50.6 45.2-75 147.3-75H528c26.5 0 48-21.5 48-48V94.6c0-26.4-21.3-47.9-47.7-48.1zM242 311.9c0 1.9-1.5 3.5-3.5 3.5H78.2c-1.9 0-3.5-1.5-3.5-3.5V289c0-1.9 1.5-3.5 3.5-3.5h160.4c1.9 0 3.5 1.5 3.5 3.5v22.9zm0-60.9c0 1.9-1.5 3.5-3.5 3.5H78.2c-1.9 0-3.5-1.5-3.5-3.5v-22.9c0-1.9 1.5-3.5 3.5-3.5h160.4c1.9 0 3.5 1.5 3.5 3.5V251zm0-60.9c0 1.9-1.5 3.5-3.5 3.5H78.2c-1.9 0-3.5-1.5-3.5-3.5v-22.9c0-1.9 1.5-3.5 3.5-3.5h160.4c1.9 0 3.5 1.5 3.5 3.5v22.9zm259.3 121.7c0 1.9-1.5 3.5-3.5 3.5H337.5c-1.9 0-3.5-1.5-3.5-3.5v-22.9c0-1.9 1.5-3.5 3.5-3.5h160.4c1.9 0 3.5 1.5 3.5 3.5v22.9zm0-60.9c0 1.9-1.5 3.5-3.5 3.5H337.5c-1.9 0-3.5-1.5-3.5-3.5V228c0-1.9 1.5-3.5 3.5-3.5h160.4c1.9 0 3.5 1.5 3.5 3.5v22.9zm0-60.9c0 1.9-1.5 3.5-3.5 3.5H337.5c-1.9 0-3.5-1.5-3.5-3.5v-22.8c0-1.9 1.5-3.5 3.5-3.5h160.4c1.9 0 3.5 1.5 3.5 3.5V190z\"><\/path><\/svg>\t\t\t<\/span>\n\t\t\t\t\t\t\t\t\t<span class=\"elementor-button-text\">Leer publicaci\u00f3n<\/span>\n\t\t\t\t\t<\/span>\n\t\t\t\t\t<\/a>\n\t\t\t\t<\/div>\n\t\t\t\t\t\t\t\t<\/div>\n\t\t\t\t<\/div>\n\t\t\t\t<\/div>\n\t\t\t\t\t<\/div>\n\t\t\t\t<\/div>\n\t\t<div class=\"elementor-element elementor-element-9b5de18 e-flex e-con-boxed e-con e-parent\" data-id=\"9b5de18\" data-element_type=\"container\" data-e-type=\"container\">\n\t\t\t\t\t<div class=\"e-con-inner\">\n\t\t<div class=\"elementor-element elementor-element-194d864 e-con-full e-flex e-con e-child\" data-id=\"194d864\" data-element_type=\"container\" data-e-type=\"container\">\n\t\t\t\t<div class=\"elementor-element elementor-element-d2fe9a9 elementor-widget elementor-widget-image\" data-id=\"d2fe9a9\" data-element_type=\"widget\" data-e-type=\"widget\" data-widget_type=\"image.default\">\n\t\t\t\t<div class=\"elementor-widget-container\">\n\t\t\t\t\t\t\t\t\t\t\t\t\t\t\t<img decoding=\"async\" width=\"500\" height=\"426\" src=\"https:\/\/i0.wp.com\/www.mm-eng.com\/wp-content\/uploads\/2024\/09\/construction.jpg?fit=500%2C426&amp;ssl=1\" class=\"attachment-large size-large wp-image-287\" alt=\"\" srcset=\"https:\/\/i0.wp.com\/www.mm-eng.com\/wp-content\/uploads\/2024\/09\/construction.jpg?w=500&amp;ssl=1 500w, https:\/\/i0.wp.com\/www.mm-eng.com\/wp-content\/uploads\/2024\/09\/construction.jpg?resize=300%2C256&amp;ssl=1 300w\" sizes=\"(max-width: 500px) 100vw, 500px\" \/>\t\t\t\t\t\t\t\t\t\t\t\t\t\t\t<\/div>\n\t\t\t\t<\/div>\n\t\t\t\t<\/div>\n\t\t<div class=\"elementor-element elementor-element-94c6be6 e-con-full e-flex e-con e-child\" data-id=\"94c6be6\" data-element_type=\"container\" data-e-type=\"container\">\n\t\t\t\t<div class=\"elementor-element elementor-element-a9c324e elementor-widget elementor-widget-heading\" data-id=\"a9c324e\" data-element_type=\"widget\" data-e-type=\"widget\" data-widget_type=\"heading.default\">\n\t\t\t\t<div class=\"elementor-widget-container\">\n\t\t\t\t\t<h4 class=\"elementor-heading-title elementor-size-default\">Comparaci\u00f3n de la respuesta s\u00edsmica de un edificio construido con p\u00e1neles de acero rolado en fr\u00edo<\/h4>\t\t\t\t<\/div>\n\t\t\t\t<\/div>\n\t\t\t\t<div class=\"elementor-element elementor-element-aaf84e1 elementor-widget elementor-widget-heading\" data-id=\"aaf84e1\" data-element_type=\"widget\" data-e-type=\"widget\" data-widget_type=\"heading.default\">\n\t\t\t\t<div class=\"elementor-widget-container\">\n\t\t\t\t\t<h6 class=\"elementor-heading-title elementor-size-default\">5 April, 2023<\/h6>\t\t\t\t<\/div>\n\t\t\t\t<\/div>\n\t\t\t\t<div class=\"elementor-element elementor-element-eaf2e5a elementor-align-center elementor-widget elementor-widget-button\" data-id=\"eaf2e5a\" data-element_type=\"widget\" data-e-type=\"widget\" data-widget_type=\"button.default\">\n\t\t\t\t<div class=\"elementor-widget-container\">\n\t\t\t\t\t\t\t\t\t<div class=\"elementor-button-wrapper\">\n\t\t\t\t\t<a class=\"elementor-button elementor-button-link elementor-size-sm\" href=\"#\">\n\t\t\t\t\t\t<span class=\"elementor-button-content-wrapper\">\n\t\t\t\t\t\t<span class=\"elementor-button-icon\">\n\t\t\t\t<svg aria-hidden=\"true\" class=\"e-font-icon-svg e-fab-readme\" viewbox=\"0 0 576 512\" xmlns=\"http:\/\/www.w3.org\/2000\/svg\"><path d=\"M528.3 46.5H388.5c-48.1 0-89.9 33.3-100.4 80.3-10.6-47-52.3-80.3-100.4-80.3H48c-26.5 0-48 21.5-48 48v245.8c0 26.5 21.5 48 48 48h89.7c102.2 0 132.7 24.4 147.3 75 .7 2.8 5.2 2.8 6 0 14.7-50.6 45.2-75 147.3-75H528c26.5 0 48-21.5 48-48V94.6c0-26.4-21.3-47.9-47.7-48.1zM242 311.9c0 1.9-1.5 3.5-3.5 3.5H78.2c-1.9 0-3.5-1.5-3.5-3.5V289c0-1.9 1.5-3.5 3.5-3.5h160.4c1.9 0 3.5 1.5 3.5 3.5v22.9zm0-60.9c0 1.9-1.5 3.5-3.5 3.5H78.2c-1.9 0-3.5-1.5-3.5-3.5v-22.9c0-1.9 1.5-3.5 3.5-3.5h160.4c1.9 0 3.5 1.5 3.5 3.5V251zm0-60.9c0 1.9-1.5 3.5-3.5 3.5H78.2c-1.9 0-3.5-1.5-3.5-3.5v-22.9c0-1.9 1.5-3.5 3.5-3.5h160.4c1.9 0 3.5 1.5 3.5 3.5v22.9zm259.3 121.7c0 1.9-1.5 3.5-3.5 3.5H337.5c-1.9 0-3.5-1.5-3.5-3.5v-22.9c0-1.9 1.5-3.5 3.5-3.5h160.4c1.9 0 3.5 1.5 3.5 3.5v22.9zm0-60.9c0 1.9-1.5 3.5-3.5 3.5H337.5c-1.9 0-3.5-1.5-3.5-3.5V228c0-1.9 1.5-3.5 3.5-3.5h160.4c1.9 0 3.5 1.5 3.5 3.5v22.9zm0-60.9c0 1.9-1.5 3.5-3.5 3.5H337.5c-1.9 0-3.5-1.5-3.5-3.5v-22.8c0-1.9 1.5-3.5 3.5-3.5h160.4c1.9 0 3.5 1.5 3.5 3.5V190z\"><\/path><\/svg>\t\t\t<\/span>\n\t\t\t\t\t\t\t\t\t<span class=\"elementor-button-text\">Leer publicaci\u00f3n<\/span>\n\t\t\t\t\t<\/span>\n\t\t\t\t\t<\/a>\n\t\t\t\t<\/div>\n\t\t\t\t\t\t\t\t<\/div>\n\t\t\t\t<\/div>\n\t\t\t\t<\/div>\n\t\t\t\t\t<\/div>\n\t\t\t\t<\/div>\n\t\t<div class=\"elementor-element elementor-element-972e02f e-flex e-con-boxed e-con e-parent\" data-id=\"972e02f\" data-element_type=\"container\" data-e-type=\"container\">\n\t\t\t\t\t<div class=\"e-con-inner\">\n\t\t<div class=\"elementor-element elementor-element-9f7f2b5 e-con-full e-flex e-con e-child\" data-id=\"9f7f2b5\" data-element_type=\"container\" data-e-type=\"container\">\n\t\t\t\t<div class=\"elementor-element elementor-element-cf7655f elementor-widget elementor-widget-image\" data-id=\"cf7655f\" data-element_type=\"widget\" data-e-type=\"widget\" data-widget_type=\"image.default\">\n\t\t\t\t<div class=\"elementor-widget-container\">\n\t\t\t\t\t\t\t\t\t\t\t\t\t\t\t<img decoding=\"async\" width=\"500\" height=\"382\" src=\"https:\/\/i0.wp.com\/www.mm-eng.com\/wp-content\/uploads\/2024\/09\/structures.jpg?fit=500%2C382&amp;ssl=1\" class=\"attachment-large size-large wp-image-288\" alt=\"\" srcset=\"https:\/\/i0.wp.com\/www.mm-eng.com\/wp-content\/uploads\/2024\/09\/structures.jpg?w=500&amp;ssl=1 500w, https:\/\/i0.wp.com\/www.mm-eng.com\/wp-content\/uploads\/2024\/09\/structures.jpg?resize=300%2C229&amp;ssl=1 300w\" sizes=\"(max-width: 500px) 100vw, 500px\" \/>\t\t\t\t\t\t\t\t\t\t\t\t\t\t\t<\/div>\n\t\t\t\t<\/div>\n\t\t\t\t<\/div>\n\t\t<div class=\"elementor-element elementor-element-e040808 e-con-full e-flex e-con e-child\" data-id=\"e040808\" data-element_type=\"container\" data-e-type=\"container\">\n\t\t\t\t<div class=\"elementor-element elementor-element-f8769fd elementor-widget elementor-widget-heading\" data-id=\"f8769fd\" data-element_type=\"widget\" data-e-type=\"widget\" data-widget_type=\"heading.default\">\n\t\t\t\t<div class=\"elementor-widget-container\">\n\t\t\t\t\t<h4 class=\"elementor-heading-title elementor-size-default\">C\u00e1lculo de la resistencia lateral de p\u00e1neles de cortante ligeros<\/h4>\t\t\t\t<\/div>\n\t\t\t\t<\/div>\n\t\t\t\t<div class=\"elementor-element elementor-element-27da2db elementor-widget elementor-widget-heading\" data-id=\"27da2db\" data-element_type=\"widget\" data-e-type=\"widget\" data-widget_type=\"heading.default\">\n\t\t\t\t<div class=\"elementor-widget-container\">\n\t\t\t\t\t<h6 class=\"elementor-heading-title elementor-size-default\">30 September, 2019<\/h6>\t\t\t\t<\/div>\n\t\t\t\t<\/div>\n\t\t\t\t<div class=\"elementor-element elementor-element-1466399 elementor-align-center elementor-widget elementor-widget-button\" data-id=\"1466399\" data-element_type=\"widget\" data-e-type=\"widget\" data-widget_type=\"button.default\">\n\t\t\t\t<div class=\"elementor-widget-container\">\n\t\t\t\t\t\t\t\t\t<div class=\"elementor-button-wrapper\">\n\t\t\t\t\t<a class=\"elementor-button elementor-button-link elementor-size-sm\" href=\"#\">\n\t\t\t\t\t\t<span class=\"elementor-button-content-wrapper\">\n\t\t\t\t\t\t<span class=\"elementor-button-icon\">\n\t\t\t\t<svg aria-hidden=\"true\" class=\"e-font-icon-svg e-fab-readme\" viewbox=\"0 0 576 512\" xmlns=\"http:\/\/www.w3.org\/2000\/svg\"><path d=\"M528.3 46.5H388.5c-48.1 0-89.9 33.3-100.4 80.3-10.6-47-52.3-80.3-100.4-80.3H48c-26.5 0-48 21.5-48 48v245.8c0 26.5 21.5 48 48 48h89.7c102.2 0 132.7 24.4 147.3 75 .7 2.8 5.2 2.8 6 0 14.7-50.6 45.2-75 147.3-75H528c26.5 0 48-21.5 48-48V94.6c0-26.4-21.3-47.9-47.7-48.1zM242 311.9c0 1.9-1.5 3.5-3.5 3.5H78.2c-1.9 0-3.5-1.5-3.5-3.5V289c0-1.9 1.5-3.5 3.5-3.5h160.4c1.9 0 3.5 1.5 3.5 3.5v22.9zm0-60.9c0 1.9-1.5 3.5-3.5 3.5H78.2c-1.9 0-3.5-1.5-3.5-3.5v-22.9c0-1.9 1.5-3.5 3.5-3.5h160.4c1.9 0 3.5 1.5 3.5 3.5V251zm0-60.9c0 1.9-1.5 3.5-3.5 3.5H78.2c-1.9 0-3.5-1.5-3.5-3.5v-22.9c0-1.9 1.5-3.5 3.5-3.5h160.4c1.9 0 3.5 1.5 3.5 3.5v22.9zm259.3 121.7c0 1.9-1.5 3.5-3.5 3.5H337.5c-1.9 0-3.5-1.5-3.5-3.5v-22.9c0-1.9 1.5-3.5 3.5-3.5h160.4c1.9 0 3.5 1.5 3.5 3.5v22.9zm0-60.9c0 1.9-1.5 3.5-3.5 3.5H337.5c-1.9 0-3.5-1.5-3.5-3.5V228c0-1.9 1.5-3.5 3.5-3.5h160.4c1.9 0 3.5 1.5 3.5 3.5v22.9zm0-60.9c0 1.9-1.5 3.5-3.5 3.5H337.5c-1.9 0-3.5-1.5-3.5-3.5v-22.8c0-1.9 1.5-3.5 3.5-3.5h160.4c1.9 0 3.5 1.5 3.5 3.5V190z\"><\/path><\/svg>\t\t\t<\/span>\n\t\t\t\t\t\t\t\t\t<span class=\"elementor-button-text\">Leer publicaci\u00f3n<\/span>\n\t\t\t\t\t<\/span>\n\t\t\t\t\t<\/a>\n\t\t\t\t<\/div>\n\t\t\t\t\t\t\t\t<\/div>\n\t\t\t\t<\/div>\n\t\t\t\t<\/div>\n\t\t\t\t\t<\/div>\n\t\t\t\t<\/div>\n\t\t<div class=\"elementor-element elementor-element-2a04c5a e-flex e-con-boxed e-con e-parent\" data-id=\"2a04c5a\" data-element_type=\"container\" data-e-type=\"container\">\n\t\t\t\t\t<div class=\"e-con-inner\">\n\t\t<div class=\"elementor-element elementor-element-ebdcf00 e-con-full e-flex e-con e-child\" data-id=\"ebdcf00\" data-element_type=\"container\" data-e-type=\"container\">\n\t\t\t\t<div class=\"elementor-element elementor-element-66783e3 elementor-widget elementor-widget-image\" data-id=\"66783e3\" data-element_type=\"widget\" data-e-type=\"widget\" data-widget_type=\"image.default\">\n\t\t\t\t<div class=\"elementor-widget-container\">\n\t\t\t\t\t\t\t\t\t\t\t\t\t\t\t<img loading=\"lazy\" decoding=\"async\" width=\"500\" height=\"281\" src=\"https:\/\/i0.wp.com\/www.mm-eng.com\/wp-content\/uploads\/2024\/09\/mexicali_earthquake.jpg?fit=500%2C281&amp;ssl=1\" class=\"attachment-large size-large wp-image-286\" alt=\"\" srcset=\"https:\/\/i0.wp.com\/www.mm-eng.com\/wp-content\/uploads\/2024\/09\/mexicali_earthquake.jpg?w=500&amp;ssl=1 500w, https:\/\/i0.wp.com\/www.mm-eng.com\/wp-content\/uploads\/2024\/09\/mexicali_earthquake.jpg?resize=300%2C169&amp;ssl=1 300w\" sizes=\"(max-width: 500px) 100vw, 500px\" \/>\t\t\t\t\t\t\t\t\t\t\t\t\t\t\t<\/div>\n\t\t\t\t<\/div>\n\t\t\t\t<\/div>\n\t\t<div class=\"elementor-element elementor-element-9f50525 e-con-full e-flex e-con e-child\" data-id=\"9f50525\" data-element_type=\"container\" data-e-type=\"container\">\n\t\t\t\t<div class=\"elementor-element elementor-element-a77d160 elementor-widget elementor-widget-heading\" data-id=\"a77d160\" data-element_type=\"widget\" data-e-type=\"widget\" data-widget_type=\"heading.default\">\n\t\t\t\t<div class=\"elementor-widget-container\">\n\t\t\t\t\t<h4 class=\"elementor-heading-title elementor-size-default\">El sismo Mexicali del 2010<\/h4>\t\t\t\t<\/div>\n\t\t\t\t<\/div>\n\t\t\t\t<div class=\"elementor-element elementor-element-4b04cdf elementor-widget elementor-widget-heading\" data-id=\"4b04cdf\" data-element_type=\"widget\" data-e-type=\"widget\" data-widget_type=\"heading.default\">\n\t\t\t\t<div class=\"elementor-widget-container\">\n\t\t\t\t\t<h6 class=\"elementor-heading-title elementor-size-default\">30 September, 2019<\/h6>\t\t\t\t<\/div>\n\t\t\t\t<\/div>\n\t\t\t\t<div class=\"elementor-element elementor-element-b9f76fc elementor-align-center elementor-widget elementor-widget-button\" data-id=\"b9f76fc\" data-element_type=\"widget\" data-e-type=\"widget\" data-widget_type=\"button.default\">\n\t\t\t\t<div class=\"elementor-widget-container\">\n\t\t\t\t\t\t\t\t\t<div class=\"elementor-button-wrapper\">\n\t\t\t\t\t<a class=\"elementor-button elementor-button-link elementor-size-sm\" href=\"#\">\n\t\t\t\t\t\t<span class=\"elementor-button-content-wrapper\">\n\t\t\t\t\t\t<span class=\"elementor-button-icon\">\n\t\t\t\t<svg aria-hidden=\"true\" class=\"e-font-icon-svg e-fab-readme\" viewbox=\"0 0 576 512\" xmlns=\"http:\/\/www.w3.org\/2000\/svg\"><path d=\"M528.3 46.5H388.5c-48.1 0-89.9 33.3-100.4 80.3-10.6-47-52.3-80.3-100.4-80.3H48c-26.5 0-48 21.5-48 48v245.8c0 26.5 21.5 48 48 48h89.7c102.2 0 132.7 24.4 147.3 75 .7 2.8 5.2 2.8 6 0 14.7-50.6 45.2-75 147.3-75H528c26.5 0 48-21.5 48-48V94.6c0-26.4-21.3-47.9-47.7-48.1zM242 311.9c0 1.9-1.5 3.5-3.5 3.5H78.2c-1.9 0-3.5-1.5-3.5-3.5V289c0-1.9 1.5-3.5 3.5-3.5h160.4c1.9 0 3.5 1.5 3.5 3.5v22.9zm0-60.9c0 1.9-1.5 3.5-3.5 3.5H78.2c-1.9 0-3.5-1.5-3.5-3.5v-22.9c0-1.9 1.5-3.5 3.5-3.5h160.4c1.9 0 3.5 1.5 3.5 3.5V251zm0-60.9c0 1.9-1.5 3.5-3.5 3.5H78.2c-1.9 0-3.5-1.5-3.5-3.5v-22.9c0-1.9 1.5-3.5 3.5-3.5h160.4c1.9 0 3.5 1.5 3.5 3.5v22.9zm259.3 121.7c0 1.9-1.5 3.5-3.5 3.5H337.5c-1.9 0-3.5-1.5-3.5-3.5v-22.9c0-1.9 1.5-3.5 3.5-3.5h160.4c1.9 0 3.5 1.5 3.5 3.5v22.9zm0-60.9c0 1.9-1.5 3.5-3.5 3.5H337.5c-1.9 0-3.5-1.5-3.5-3.5V228c0-1.9 1.5-3.5 3.5-3.5h160.4c1.9 0 3.5 1.5 3.5 3.5v22.9zm0-60.9c0 1.9-1.5 3.5-3.5 3.5H337.5c-1.9 0-3.5-1.5-3.5-3.5v-22.8c0-1.9 1.5-3.5 3.5-3.5h160.4c1.9 0 3.5 1.5 3.5 3.5V190z\"><\/path><\/svg>\t\t\t<\/span>\n\t\t\t\t\t\t\t\t\t<span class=\"elementor-button-text\">Leer publicaci\u00f3n<\/span>\n\t\t\t\t\t<\/span>\n\t\t\t\t\t<\/a>\n\t\t\t\t<\/div>\n\t\t\t\t\t\t\t\t<\/div>\n\t\t\t\t<\/div>\n\t\t\t\t<\/div>\n\t\t\t\t\t<\/div>\n\t\t\t\t<\/div>\n\t\t<div class=\"elementor-element elementor-element-b7e7da0 e-flex e-con-boxed e-con e-parent\" data-id=\"b7e7da0\" data-element_type=\"container\" data-e-type=\"container\">\n\t\t\t\t\t<div class=\"e-con-inner\">\n\t\t<div class=\"elementor-element elementor-element-2aa2a30 e-con-full e-flex e-con e-child\" data-id=\"2aa2a30\" data-element_type=\"container\" data-e-type=\"container\">\n\t\t\t\t<div class=\"elementor-element elementor-element-151eb41 elementor-widget elementor-widget-image\" data-id=\"151eb41\" data-element_type=\"widget\" data-e-type=\"widget\" data-widget_type=\"image.default\">\n\t\t\t\t<div class=\"elementor-widget-container\">\n\t\t\t\t\t\t\t\t\t\t\t\t\t\t\t<img loading=\"lazy\" decoding=\"async\" width=\"500\" height=\"333\" src=\"https:\/\/i0.wp.com\/www.mm-eng.com\/wp-content\/uploads\/2024\/09\/factor-q.jpg?fit=500%2C333&amp;ssl=1\" class=\"attachment-large size-large wp-image-289\" alt=\"\" srcset=\"https:\/\/i0.wp.com\/www.mm-eng.com\/wp-content\/uploads\/2024\/09\/factor-q.jpg?w=500&amp;ssl=1 500w, https:\/\/i0.wp.com\/www.mm-eng.com\/wp-content\/uploads\/2024\/09\/factor-q.jpg?resize=300%2C200&amp;ssl=1 300w\" sizes=\"(max-width: 500px) 100vw, 500px\" \/>\t\t\t\t\t\t\t\t\t\t\t\t\t\t\t<\/div>\n\t\t\t\t<\/div>\n\t\t\t\t<\/div>\n\t\t<div class=\"elementor-element elementor-element-f6c4cd5 e-con-full e-flex e-con e-child\" data-id=\"f6c4cd5\" data-element_type=\"container\" data-e-type=\"container\">\n\t\t\t\t<div class=\"elementor-element elementor-element-2139720 elementor-widget elementor-widget-heading\" data-id=\"2139720\" data-element_type=\"widget\" data-e-type=\"widget\" data-widget_type=\"heading.default\">\n\t\t\t\t<div class=\"elementor-widget-container\">\n\t\t\t\t\t<h4 class=\"elementor-heading-title elementor-size-default\">Revisi\u00f3n del factor de reducci\u00f3n Q<\/h4>\t\t\t\t<\/div>\n\t\t\t\t<\/div>\n\t\t\t\t<div class=\"elementor-element elementor-element-9e6eb86 elementor-widget elementor-widget-heading\" data-id=\"9e6eb86\" data-element_type=\"widget\" data-e-type=\"widget\" data-widget_type=\"heading.default\">\n\t\t\t\t<div class=\"elementor-widget-container\">\n\t\t\t\t\t<h6 class=\"elementor-heading-title elementor-size-default\">24 September, 2019<\/h6>\t\t\t\t<\/div>\n\t\t\t\t<\/div>\n\t\t\t\t<div class=\"elementor-element elementor-element-1eb7352 elementor-align-center elementor-widget elementor-widget-button\" data-id=\"1eb7352\" data-element_type=\"widget\" data-e-type=\"widget\" data-widget_type=\"button.default\">\n\t\t\t\t<div class=\"elementor-widget-container\">\n\t\t\t\t\t\t\t\t\t<div class=\"elementor-button-wrapper\">\n\t\t\t\t\t<a class=\"elementor-button elementor-button-link elementor-size-sm\" href=\"#\">\n\t\t\t\t\t\t<span class=\"elementor-button-content-wrapper\">\n\t\t\t\t\t\t<span class=\"elementor-button-icon\">\n\t\t\t\t<svg aria-hidden=\"true\" class=\"e-font-icon-svg e-fab-readme\" viewbox=\"0 0 576 512\" xmlns=\"http:\/\/www.w3.org\/2000\/svg\"><path d=\"M528.3 46.5H388.5c-48.1 0-89.9 33.3-100.4 80.3-10.6-47-52.3-80.3-100.4-80.3H48c-26.5 0-48 21.5-48 48v245.8c0 26.5 21.5 48 48 48h89.7c102.2 0 132.7 24.4 147.3 75 .7 2.8 5.2 2.8 6 0 14.7-50.6 45.2-75 147.3-75H528c26.5 0 48-21.5 48-48V94.6c0-26.4-21.3-47.9-47.7-48.1zM242 311.9c0 1.9-1.5 3.5-3.5 3.5H78.2c-1.9 0-3.5-1.5-3.5-3.5V289c0-1.9 1.5-3.5 3.5-3.5h160.4c1.9 0 3.5 1.5 3.5 3.5v22.9zm0-60.9c0 1.9-1.5 3.5-3.5 3.5H78.2c-1.9 0-3.5-1.5-3.5-3.5v-22.9c0-1.9 1.5-3.5 3.5-3.5h160.4c1.9 0 3.5 1.5 3.5 3.5V251zm0-60.9c0 1.9-1.5 3.5-3.5 3.5H78.2c-1.9 0-3.5-1.5-3.5-3.5v-22.9c0-1.9 1.5-3.5 3.5-3.5h160.4c1.9 0 3.5 1.5 3.5 3.5v22.9zm259.3 121.7c0 1.9-1.5 3.5-3.5 3.5H337.5c-1.9 0-3.5-1.5-3.5-3.5v-22.9c0-1.9 1.5-3.5 3.5-3.5h160.4c1.9 0 3.5 1.5 3.5 3.5v22.9zm0-60.9c0 1.9-1.5 3.5-3.5 3.5H337.5c-1.9 0-3.5-1.5-3.5-3.5V228c0-1.9 1.5-3.5 3.5-3.5h160.4c1.9 0 3.5 1.5 3.5 3.5v22.9zm0-60.9c0 1.9-1.5 3.5-3.5 3.5H337.5c-1.9 0-3.5-1.5-3.5-3.5v-22.8c0-1.9 1.5-3.5 3.5-3.5h160.4c1.9 0 3.5 1.5 3.5 3.5V190z\"><\/path><\/svg>\t\t\t<\/span>\n\t\t\t\t\t\t\t\t\t<span class=\"elementor-button-text\">Leer publicaci\u00f3n<\/span>\n\t\t\t\t\t<\/span>\n\t\t\t\t\t<\/a>\n\t\t\t\t<\/div>\n\t\t\t\t\t\t\t\t<\/div>\n\t\t\t\t<\/div>\n\t\t\t\t<\/div>\n\t\t\t\t\t<\/div>\n\t\t\t\t<\/div>\n\t\t<div class=\"elementor-element elementor-element-9cdb5c9 e-flex e-con-boxed e-con e-parent\" data-id=\"9cdb5c9\" data-element_type=\"container\" data-e-type=\"container\">\n\t\t\t\t\t<div class=\"e-con-inner\">\n\t\t<div class=\"elementor-element elementor-element-ea8e48a e-con-full e-flex e-con e-child\" data-id=\"ea8e48a\" data-element_type=\"container\" data-e-type=\"container\">\n\t\t\t\t<div class=\"elementor-element elementor-element-65123e3 elementor-widget elementor-widget-image\" data-id=\"65123e3\" data-element_type=\"widget\" data-e-type=\"widget\" data-widget_type=\"image.default\">\n\t\t\t\t<div class=\"elementor-widget-container\">\n\t\t\t\t\t\t\t\t\t\t\t\t\t\t\t<img loading=\"lazy\" decoding=\"async\" width=\"600\" height=\"400\" src=\"https:\/\/i0.wp.com\/www.mm-eng.com\/wp-content\/uploads\/2024\/09\/Seismic_performance.jpg?fit=600%2C400&amp;ssl=1\" class=\"attachment-large size-large wp-image-290\" alt=\"\" srcset=\"https:\/\/i0.wp.com\/www.mm-eng.com\/wp-content\/uploads\/2024\/09\/Seismic_performance.jpg?w=600&amp;ssl=1 600w, https:\/\/i0.wp.com\/www.mm-eng.com\/wp-content\/uploads\/2024\/09\/Seismic_performance.jpg?resize=300%2C200&amp;ssl=1 300w\" sizes=\"(max-width: 600px) 100vw, 600px\" \/>\t\t\t\t\t\t\t\t\t\t\t\t\t\t\t<\/div>\n\t\t\t\t<\/div>\n\t\t\t\t<\/div>\n\t\t<div class=\"elementor-element elementor-element-7d5775a e-con-full e-flex e-con e-child\" data-id=\"7d5775a\" data-element_type=\"container\" data-e-type=\"container\">\n\t\t\t\t<div class=\"elementor-element elementor-element-32b7034 elementor-widget elementor-widget-heading\" data-id=\"32b7034\" data-element_type=\"widget\" data-e-type=\"widget\" data-widget_type=\"heading.default\">\n\t\t\t\t<div class=\"elementor-widget-container\">\n\t\t\t\t\t<h4 class=\"elementor-heading-title elementor-size-default\">Revisi\u00f3n de la respuesta y propuesta de reforzamiento conceptual del edificio del poder ejecutivo<\/h4>\t\t\t\t<\/div>\n\t\t\t\t<\/div>\n\t\t\t\t<div class=\"elementor-element elementor-element-4d9df5e elementor-widget elementor-widget-heading\" data-id=\"4d9df5e\" data-element_type=\"widget\" data-e-type=\"widget\" data-widget_type=\"heading.default\">\n\t\t\t\t<div class=\"elementor-widget-container\">\n\t\t\t\t\t<h6 class=\"elementor-heading-title elementor-size-default\">29 January, 2019<\/h6>\t\t\t\t<\/div>\n\t\t\t\t<\/div>\n\t\t\t\t<div class=\"elementor-element elementor-element-2e7d4d2 elementor-align-center elementor-widget elementor-widget-button\" data-id=\"2e7d4d2\" data-element_type=\"widget\" data-e-type=\"widget\" data-widget_type=\"button.default\">\n\t\t\t\t<div class=\"elementor-widget-container\">\n\t\t\t\t\t\t\t\t\t<div class=\"elementor-button-wrapper\">\n\t\t\t\t\t<a class=\"elementor-button elementor-button-link elementor-size-sm\" href=\"#\">\n\t\t\t\t\t\t<span class=\"elementor-button-content-wrapper\">\n\t\t\t\t\t\t<span class=\"elementor-button-icon\">\n\t\t\t\t<svg aria-hidden=\"true\" class=\"e-font-icon-svg e-fab-readme\" viewbox=\"0 0 576 512\" xmlns=\"http:\/\/www.w3.org\/2000\/svg\"><path d=\"M528.3 46.5H388.5c-48.1 0-89.9 33.3-100.4 80.3-10.6-47-52.3-80.3-100.4-80.3H48c-26.5 0-48 21.5-48 48v245.8c0 26.5 21.5 48 48 48h89.7c102.2 0 132.7 24.4 147.3 75 .7 2.8 5.2 2.8 6 0 14.7-50.6 45.2-75 147.3-75H528c26.5 0 48-21.5 48-48V94.6c0-26.4-21.3-47.9-47.7-48.1zM242 311.9c0 1.9-1.5 3.5-3.5 3.5H78.2c-1.9 0-3.5-1.5-3.5-3.5V289c0-1.9 1.5-3.5 3.5-3.5h160.4c1.9 0 3.5 1.5 3.5 3.5v22.9zm0-60.9c0 1.9-1.5 3.5-3.5 3.5H78.2c-1.9 0-3.5-1.5-3.5-3.5v-22.9c0-1.9 1.5-3.5 3.5-3.5h160.4c1.9 0 3.5 1.5 3.5 3.5V251zm0-60.9c0 1.9-1.5 3.5-3.5 3.5H78.2c-1.9 0-3.5-1.5-3.5-3.5v-22.9c0-1.9 1.5-3.5 3.5-3.5h160.4c1.9 0 3.5 1.5 3.5 3.5v22.9zm259.3 121.7c0 1.9-1.5 3.5-3.5 3.5H337.5c-1.9 0-3.5-1.5-3.5-3.5v-22.9c0-1.9 1.5-3.5 3.5-3.5h160.4c1.9 0 3.5 1.5 3.5 3.5v22.9zm0-60.9c0 1.9-1.5 3.5-3.5 3.5H337.5c-1.9 0-3.5-1.5-3.5-3.5V228c0-1.9 1.5-3.5 3.5-3.5h160.4c1.9 0 3.5 1.5 3.5 3.5v22.9zm0-60.9c0 1.9-1.5 3.5-3.5 3.5H337.5c-1.9 0-3.5-1.5-3.5-3.5v-22.8c0-1.9 1.5-3.5 3.5-3.5h160.4c1.9 0 3.5 1.5 3.5 3.5V190z\"><\/path><\/svg>\t\t\t<\/span>\n\t\t\t\t\t\t\t\t\t<span class=\"elementor-button-text\">Leer publicaci\u00f3n<\/span>\n\t\t\t\t\t<\/span>\n\t\t\t\t\t<\/a>\n\t\t\t\t<\/div>\n\t\t\t\t\t\t\t\t<\/div>\n\t\t\t\t<\/div>\n\t\t\t\t<\/div>\n\t\t\t\t\t<\/div>\n\t\t\t\t<\/div>\n\t\t\t\t<\/div>","protected":false},"excerpt":{"rendered":"<p>VARIATION IN THE AMOUNT OF REINFORCEMENT OF A REINFORCED CONCRETE FRAME ACCORDING TO ITS DUCTILITY LEVEL 5 April, 2023 Read publication Comparison of seismic responses of a building constructed with&hellip;<\/p>","protected":false},"author":1,"featured_media":0,"parent":0,"menu_order":0,"comment_status":"closed","ping_status":"closed","template":"elementor_header_footer","meta":{"footnotes":""},"class_list":["post-273","page","type-page","status-publish","hentry"],"_links":{"self":[{"href":"https:\/\/www.mm-eng.com\/es\/wp-json\/wp\/v2\/pages\/273","targetHints":{"allow":["GET"]}}],"collection":[{"href":"https:\/\/www.mm-eng.com\/es\/wp-json\/wp\/v2\/pages"}],"about":[{"href":"https:\/\/www.mm-eng.com\/es\/wp-json\/wp\/v2\/types\/page"}],"author":[{"embeddable":true,"href":"https:\/\/www.mm-eng.com\/es\/wp-json\/wp\/v2\/users\/1"}],"replies":[{"embeddable":true,"href":"https:\/\/www.mm-eng.com\/es\/wp-json\/wp\/v2\/comments?post=273"}],"version-history":[{"count":28,"href":"https:\/\/www.mm-eng.com\/es\/wp-json\/wp\/v2\/pages\/273\/revisions"}],"predecessor-version":[{"id":500,"href":"https:\/\/www.mm-eng.com\/es\/wp-json\/wp\/v2\/pages\/273\/revisions\/500"}],"wp:attachment":[{"href":"https:\/\/www.mm-eng.com\/es\/wp-json\/wp\/v2\/media?parent=273"}],"curies":[{"name":"wp","href":"https:\/\/api.w.org\/{rel}","templated":true}]}}