{"id":201,"date":"2024-08-30T05:27:18","date_gmt":"2024-08-30T05:27:18","guid":{"rendered":"https:\/\/www.mm-eng.com\/?page_id=201"},"modified":"2024-10-11T17:46:13","modified_gmt":"2024-10-11T17:46:13","slug":"executive-project-for-industrial-buildings","status":"publish","type":"page","link":"https:\/\/www.mm-eng.com\/es\/executive-project-for-industrial-buildings\/","title":{"rendered":"Proyecto arquitecto\u0301nico y Proyecto ejecutivo industrial"},"content":{"rendered":"<div data-elementor-type=\"wp-page\" data-elementor-id=\"201\" class=\"elementor elementor-201\">\n\t\t\t\t<div class=\"elementor-element elementor-element-f27f196 e-flex e-con-boxed e-con e-parent\" data-id=\"f27f196\" data-element_type=\"container\" data-e-type=\"container\">\n\t\t\t\t\t<div class=\"e-con-inner\">\n\t\t\t\t<div class=\"elementor-element elementor-element-83dc5c5 elementor-widget elementor-widget-spacer\" data-id=\"83dc5c5\" data-element_type=\"widget\" data-e-type=\"widget\" data-widget_type=\"spacer.default\">\n\t\t\t\t<div class=\"elementor-widget-container\">\n\t\t\t\t\t\t\t<div class=\"elementor-spacer\">\n\t\t\t<div class=\"elementor-spacer-inner\"><\/div>\n\t\t<\/div>\n\t\t\t\t\t\t<\/div>\n\t\t\t\t<\/div>\n\t\t\t\t\t<\/div>\n\t\t\t\t<\/div>\n\t\t<div class=\"elementor-element elementor-element-3b888fb e-flex e-con-boxed e-con e-parent\" data-id=\"3b888fb\" data-element_type=\"container\" data-e-type=\"container\">\n\t\t\t\t\t<div class=\"e-con-inner\">\n\t\t<div class=\"elementor-element elementor-element-514b103 e-con-full e-flex e-con e-child\" data-id=\"514b103\" data-element_type=\"container\" data-e-type=\"container\">\n\t\t\t\t<div class=\"elementor-element elementor-element-d17bd65 elementor-widget elementor-widget-heading\" data-id=\"d17bd65\" data-element_type=\"widget\" data-e-type=\"widget\" data-widget_type=\"heading.default\">\n\t\t\t\t<div class=\"elementor-widget-container\">\n\t\t\t\t\t<h4 class=\"elementor-heading-title elementor-size-default\">MM ENGINEERS<\/h4>\t\t\t\t<\/div>\n\t\t\t\t<\/div>\n\t\t\t\t<div class=\"elementor-element elementor-element-29c75c9 elementor-widget elementor-widget-text-editor\" data-id=\"29c75c9\" data-element_type=\"widget\" data-e-type=\"widget\" data-widget_type=\"text-editor.default\">\n\t\t\t\t<div class=\"elementor-widget-container\">\n\t\t\t\t\t\t\t\t\t<p>Particularmente en el caso de proyectos arquitect\u00f3nicos industriales contamos con personal con amplia experiencia en el dise\u00f1o arquitect\u00f3nico industrial, as\u00ed como de la integraci\u00f3n del proyecto ejecutivo, tambi\u00e9n contando con la participaci\u00f3n de proveedores externos en las diferentes ingenier\u00edas que se requieren.<\/p>\t\t\t\t\t\t\t\t<\/div>\n\t\t\t\t<\/div>\n\t\t\t\t<\/div>\n\t\t\t\t<div class=\"elementor-element elementor-element-7658b5e elementor-widget elementor-widget-spacer\" data-id=\"7658b5e\" data-element_type=\"widget\" data-e-type=\"widget\" data-widget_type=\"spacer.default\">\n\t\t\t\t<div class=\"elementor-widget-container\">\n\t\t\t\t\t\t\t<div class=\"elementor-spacer\">\n\t\t\t<div class=\"elementor-spacer-inner\"><\/div>\n\t\t<\/div>\n\t\t\t\t\t\t<\/div>\n\t\t\t\t<\/div>\n\t\t<div class=\"elementor-element elementor-element-682135e e-con-full e-flex e-con e-child\" data-id=\"682135e\" data-element_type=\"container\" data-e-type=\"container\">\n\t\t\t\t<div class=\"elementor-element elementor-element-2130ea5 elementor-widget elementor-widget-image\" data-id=\"2130ea5\" data-element_type=\"widget\" data-e-type=\"widget\" data-widget_type=\"image.default\">\n\t\t\t\t<div class=\"elementor-widget-container\">\n\t\t\t\t\t\t\t\t\t\t\t\t\t\t\t<img fetchpriority=\"high\" decoding=\"async\" width=\"1000\" height=\"420\" src=\"https:\/\/i0.wp.com\/www.mm-eng.com\/wp-content\/uploads\/2024\/08\/Gimnasio-TEC-Leon_mm.jpg?fit=1000%2C420&amp;ssl=1\" class=\"attachment-large size-large wp-image-202\" alt=\"\" srcset=\"https:\/\/i0.wp.com\/www.mm-eng.com\/wp-content\/uploads\/2024\/08\/Gimnasio-TEC-Leon_mm.jpg?w=1000&amp;ssl=1 1000w, https:\/\/i0.wp.com\/www.mm-eng.com\/wp-content\/uploads\/2024\/08\/Gimnasio-TEC-Leon_mm.jpg?resize=300%2C126&amp;ssl=1 300w, https:\/\/i0.wp.com\/www.mm-eng.com\/wp-content\/uploads\/2024\/08\/Gimnasio-TEC-Leon_mm.jpg?resize=768%2C323&amp;ssl=1 768w\" sizes=\"(max-width: 1000px) 100vw, 1000px\" \/>\t\t\t\t\t\t\t\t\t\t\t\t\t\t\t<\/div>\n\t\t\t\t<\/div>\n\t\t\t\t<\/div>\n\t\t\t\t\t<\/div>\n\t\t\t\t<\/div>\n\t\t\t\t<\/div>","protected":false},"excerpt":{"rendered":"<p>MM ENGINEERS One of the main sectors of work of our company is the industrial sector, we count with collaborators highly specialized that can manage executive projects for light and&hellip;<\/p>","protected":false},"author":1,"featured_media":0,"parent":0,"menu_order":0,"comment_status":"closed","ping_status":"open","template":"elementor_header_footer","meta":{"footnotes":""},"class_list":["post-201","page","type-page","status-publish","hentry"],"_links":{"self":[{"href":"https:\/\/www.mm-eng.com\/es\/wp-json\/wp\/v2\/pages\/201","targetHints":{"allow":["GET"]}}],"collection":[{"href":"https:\/\/www.mm-eng.com\/es\/wp-json\/wp\/v2\/pages"}],"about":[{"href":"https:\/\/www.mm-eng.com\/es\/wp-json\/wp\/v2\/types\/page"}],"author":[{"embeddable":true,"href":"https:\/\/www.mm-eng.com\/es\/wp-json\/wp\/v2\/users\/1"}],"replies":[{"embeddable":true,"href":"https:\/\/www.mm-eng.com\/es\/wp-json\/wp\/v2\/comments?post=201"}],"version-history":[{"count":9,"href":"https:\/\/www.mm-eng.com\/es\/wp-json\/wp\/v2\/pages\/201\/revisions"}],"predecessor-version":[{"id":464,"href":"https:\/\/www.mm-eng.com\/es\/wp-json\/wp\/v2\/pages\/201\/revisions\/464"}],"wp:attachment":[{"href":"https:\/\/www.mm-eng.com\/es\/wp-json\/wp\/v2\/media?parent=201"}],"curies":[{"name":"wp","href":"https:\/\/api.w.org\/{rel}","templated":true}]}}