{"id":196,"date":"2024-08-30T05:22:19","date_gmt":"2024-08-30T05:22:19","guid":{"rendered":"https:\/\/www.mm-eng.com\/?page_id=196"},"modified":"2024-10-11T17:45:36","modified_gmt":"2024-10-11T17:45:36","slug":"design-and-stabilization-of-wall-for-deep-excavations","status":"publish","type":"page","link":"https:\/\/www.mm-eng.com\/es\/design-and-stabilization-of-wall-for-deep-excavations\/","title":{"rendered":"Dise\u00f1o de estabilizaci\u00f3n de taludes para excavaciones profundas, anclados y sin anclar"},"content":{"rendered":"<div data-elementor-type=\"wp-page\" data-elementor-id=\"196\" class=\"elementor elementor-196\">\n\t\t\t\t<div class=\"elementor-element elementor-element-f27f196 e-flex e-con-boxed e-con e-parent\" data-id=\"f27f196\" data-element_type=\"container\" data-e-type=\"container\">\n\t\t\t\t\t<div class=\"e-con-inner\">\n\t\t\t\t<div class=\"elementor-element elementor-element-83dc5c5 elementor-widget elementor-widget-spacer\" data-id=\"83dc5c5\" data-element_type=\"widget\" data-e-type=\"widget\" data-widget_type=\"spacer.default\">\n\t\t\t\t<div class=\"elementor-widget-container\">\n\t\t\t\t\t\t\t<div class=\"elementor-spacer\">\n\t\t\t<div class=\"elementor-spacer-inner\"><\/div>\n\t\t<\/div>\n\t\t\t\t\t\t<\/div>\n\t\t\t\t<\/div>\n\t\t\t\t\t<\/div>\n\t\t\t\t<\/div>\n\t\t<div class=\"elementor-element elementor-element-3b888fb e-flex e-con-boxed e-con e-parent\" data-id=\"3b888fb\" data-element_type=\"container\" data-e-type=\"container\">\n\t\t\t\t\t<div class=\"e-con-inner\">\n\t\t<div class=\"elementor-element elementor-element-514b103 e-con-full e-flex e-con e-child\" data-id=\"514b103\" data-element_type=\"container\" data-e-type=\"container\">\n\t\t\t\t<div class=\"elementor-element elementor-element-d17bd65 elementor-widget elementor-widget-heading\" data-id=\"d17bd65\" data-element_type=\"widget\" data-e-type=\"widget\" data-widget_type=\"heading.default\">\n\t\t\t\t<div class=\"elementor-widget-container\">\n\t\t\t\t\t<h4 class=\"elementor-heading-title elementor-size-default\">MM-ENGINEERS<\/h4>\t\t\t\t<\/div>\n\t\t\t\t<\/div>\n\t\t\t\t<div class=\"elementor-element elementor-element-29c75c9 elementor-widget elementor-widget-text-editor\" data-id=\"29c75c9\" data-element_type=\"widget\" data-e-type=\"widget\" data-widget_type=\"text-editor.default\">\n\t\t\t\t<div class=\"elementor-widget-container\">\n\t\t\t\t\t\t\t\t\t<p>Los retos para la estabilizaci\u00f3n de taludes se han vuelto cada vez m\u00e1s demandantes por la construcci\u00f3n de edificaciones altas en zona urbanas, donde se requieren excavaciones profundas para los s\u00f3tanos y generalmente existen construcciones contiguas al sitio de construcci\u00f3n, por lo que se deben utilizar m\u00e9todos de estabilizaci\u00f3n donde no se afecta la integridad de las construcciones colindantes.<\/p><p>Estos m\u00e9todos incluyen muros Mil\u00e1n, pilas, muros descendentes, tablestacados, todos estos anclados, asimismo existen otros m\u00e9todos de construcci\u00f3n donde no puedan utilizarse anclajes, como la construcci\u00f3n \u201ctop-down\u201d.<\/p>\t\t\t\t\t\t\t\t<\/div>\n\t\t\t\t<\/div>\n\t\t\t\t<\/div>\n\t\t\t\t<div class=\"elementor-element elementor-element-7658b5e elementor-widget elementor-widget-spacer\" data-id=\"7658b5e\" data-element_type=\"widget\" data-e-type=\"widget\" data-widget_type=\"spacer.default\">\n\t\t\t\t<div class=\"elementor-widget-container\">\n\t\t\t\t\t\t\t<div class=\"elementor-spacer\">\n\t\t\t<div class=\"elementor-spacer-inner\"><\/div>\n\t\t<\/div>\n\t\t\t\t\t\t<\/div>\n\t\t\t\t<\/div>\n\t\t<div class=\"elementor-element elementor-element-682135e e-con-full e-flex e-con e-child\" data-id=\"682135e\" data-element_type=\"container\" data-e-type=\"container\">\n\t\t\t\t<div class=\"elementor-element elementor-element-2130ea5 elementor-widget elementor-widget-image\" data-id=\"2130ea5\" data-element_type=\"widget\" data-e-type=\"widget\" data-widget_type=\"image.default\">\n\t\t\t\t<div class=\"elementor-widget-container\">\n\t\t\t\t\t\t\t\t\t\t\t\t\t\t\t<img fetchpriority=\"high\" decoding=\"async\" width=\"1000\" height=\"750\" src=\"https:\/\/i0.wp.com\/www.mm-eng.com\/wp-content\/uploads\/2024\/08\/Semillero-purisima_mm.jpg?fit=1000%2C750&amp;ssl=1\" class=\"attachment-large size-large wp-image-197\" alt=\"\" srcset=\"https:\/\/i0.wp.com\/www.mm-eng.com\/wp-content\/uploads\/2024\/08\/Semillero-purisima_mm.jpg?w=1000&amp;ssl=1 1000w, https:\/\/i0.wp.com\/www.mm-eng.com\/wp-content\/uploads\/2024\/08\/Semillero-purisima_mm.jpg?resize=300%2C225&amp;ssl=1 300w, https:\/\/i0.wp.com\/www.mm-eng.com\/wp-content\/uploads\/2024\/08\/Semillero-purisima_mm.jpg?resize=768%2C576&amp;ssl=1 768w\" sizes=\"(max-width: 1000px) 100vw, 1000px\" \/>\t\t\t\t\t\t\t\t\t\t\t\t\t\t\t<\/div>\n\t\t\t\t<\/div>\n\t\t\t\t<\/div>\n\t\t\t\t\t<\/div>\n\t\t\t\t<\/div>\n\t\t\t\t<\/div>","protected":false},"excerpt":{"rendered":"<p>MM-ENGINEERS Particularly large building projects are becoming more challenging, the buildings are higher, with geometries more complex, and with higher demand for parking, the use of basements it is a&hellip;<\/p>","protected":false},"author":1,"featured_media":0,"parent":0,"menu_order":0,"comment_status":"closed","ping_status":"open","template":"elementor_header_footer","meta":{"footnotes":""},"class_list":["post-196","page","type-page","status-publish","hentry"],"_links":{"self":[{"href":"https:\/\/www.mm-eng.com\/es\/wp-json\/wp\/v2\/pages\/196","targetHints":{"allow":["GET"]}}],"collection":[{"href":"https:\/\/www.mm-eng.com\/es\/wp-json\/wp\/v2\/pages"}],"about":[{"href":"https:\/\/www.mm-eng.com\/es\/wp-json\/wp\/v2\/types\/page"}],"author":[{"embeddable":true,"href":"https:\/\/www.mm-eng.com\/es\/wp-json\/wp\/v2\/users\/1"}],"replies":[{"embeddable":true,"href":"https:\/\/www.mm-eng.com\/es\/wp-json\/wp\/v2\/comments?post=196"}],"version-history":[{"count":6,"href":"https:\/\/www.mm-eng.com\/es\/wp-json\/wp\/v2\/pages\/196\/revisions"}],"predecessor-version":[{"id":458,"href":"https:\/\/www.mm-eng.com\/es\/wp-json\/wp\/v2\/pages\/196\/revisions\/458"}],"wp:attachment":[{"href":"https:\/\/www.mm-eng.com\/es\/wp-json\/wp\/v2\/media?parent=196"}],"curies":[{"name":"wp","href":"https:\/\/api.w.org\/{rel}","templated":true}]}}