{"id":187,"date":"2024-08-30T05:18:13","date_gmt":"2024-08-30T05:18:13","guid":{"rendered":"https:\/\/www.mm-eng.com\/?page_id=187"},"modified":"2024-10-11T17:44:49","modified_gmt":"2024-10-11T17:44:49","slug":"creation-of-manuals-and-design-specifications","status":"publish","type":"page","link":"https:\/\/www.mm-eng.com\/es\/creation-of-manuals-and-design-specifications\/","title":{"rendered":"Creaci\u00f3n de manuales, fichas t\u00e9cnicas y elaboraci\u00f3n de especificaciones de dise\u00f1o"},"content":{"rendered":"<div data-elementor-type=\"wp-page\" data-elementor-id=\"187\" class=\"elementor elementor-187\">\n\t\t\t\t<div class=\"elementor-element elementor-element-f27f196 e-flex e-con-boxed e-con e-parent\" data-id=\"f27f196\" data-element_type=\"container\" data-e-type=\"container\">\n\t\t\t\t\t<div class=\"e-con-inner\">\n\t\t\t\t<div class=\"elementor-element elementor-element-83dc5c5 elementor-widget elementor-widget-spacer\" data-id=\"83dc5c5\" data-element_type=\"widget\" data-e-type=\"widget\" data-widget_type=\"spacer.default\">\n\t\t\t\t<div class=\"elementor-widget-container\">\n\t\t\t\t\t\t\t<div class=\"elementor-spacer\">\n\t\t\t<div class=\"elementor-spacer-inner\"><\/div>\n\t\t<\/div>\n\t\t\t\t\t\t<\/div>\n\t\t\t\t<\/div>\n\t\t\t\t\t<\/div>\n\t\t\t\t<\/div>\n\t\t<div class=\"elementor-element elementor-element-3b888fb e-flex e-con-boxed e-con e-parent\" data-id=\"3b888fb\" data-element_type=\"container\" data-e-type=\"container\">\n\t\t\t\t\t<div class=\"e-con-inner\">\n\t\t<div class=\"elementor-element elementor-element-514b103 e-con-full e-flex e-con e-child\" data-id=\"514b103\" data-element_type=\"container\" data-e-type=\"container\">\n\t\t\t\t<div class=\"elementor-element elementor-element-d17bd65 elementor-widget elementor-widget-heading\" data-id=\"d17bd65\" data-element_type=\"widget\" data-e-type=\"widget\" data-widget_type=\"heading.default\">\n\t\t\t\t<div class=\"elementor-widget-container\">\n\t\t\t\t\t<h4 class=\"elementor-heading-title elementor-size-default\">MM ENGINEERS<\/h4>\t\t\t\t<\/div>\n\t\t\t\t<\/div>\n\t\t\t\t<div class=\"elementor-element elementor-element-29c75c9 elementor-widget elementor-widget-text-editor\" data-id=\"29c75c9\" data-element_type=\"widget\" data-e-type=\"widget\" data-widget_type=\"text-editor.default\">\n\t\t\t\t<div class=\"elementor-widget-container\">\n\t\t\t\t\t\t\t\t\t<p>Este servicio se lo brindamos a empresas que fabrican alg\u00fan tipo de material, perfil, o sistema y que no cuentan con especificaciones de dise\u00f1o, fichas t\u00e9cnicas o manuales t\u00e9cnicos. Esto con el objeto de que los clientes del proveedor puedan contar con ayudas de dise\u00f1o.<\/p>\t\t\t\t\t\t\t\t<\/div>\n\t\t\t\t<\/div>\n\t\t\t\t<\/div>\n\t\t\t\t<div class=\"elementor-element elementor-element-7658b5e elementor-widget elementor-widget-spacer\" data-id=\"7658b5e\" data-element_type=\"widget\" data-e-type=\"widget\" data-widget_type=\"spacer.default\">\n\t\t\t\t<div class=\"elementor-widget-container\">\n\t\t\t\t\t\t\t<div class=\"elementor-spacer\">\n\t\t\t<div class=\"elementor-spacer-inner\"><\/div>\n\t\t<\/div>\n\t\t\t\t\t\t<\/div>\n\t\t\t\t<\/div>\n\t\t<div class=\"elementor-element elementor-element-682135e e-con-full e-flex e-con e-child\" data-id=\"682135e\" data-element_type=\"container\" data-e-type=\"container\">\n\t\t\t\t<div class=\"elementor-element elementor-element-2130ea5 elementor-widget elementor-widget-image\" data-id=\"2130ea5\" data-element_type=\"widget\" data-e-type=\"widget\" data-widget_type=\"image.default\">\n\t\t\t\t<div class=\"elementor-widget-container\">\n\t\t\t\t\t\t\t\t\t\t\t\t\t\t\t<img fetchpriority=\"high\" decoding=\"async\" width=\"639\" height=\"859\" src=\"https:\/\/i0.wp.com\/www.mm-eng.com\/wp-content\/uploads\/2024\/08\/Manual-tecnico.jpg?fit=639%2C859&amp;ssl=1\" class=\"attachment-large size-large wp-image-192\" alt=\"\" srcset=\"https:\/\/i0.wp.com\/www.mm-eng.com\/wp-content\/uploads\/2024\/08\/Manual-tecnico.jpg?w=639&amp;ssl=1 639w, https:\/\/i0.wp.com\/www.mm-eng.com\/wp-content\/uploads\/2024\/08\/Manual-tecnico.jpg?resize=223%2C300&amp;ssl=1 223w\" sizes=\"(max-width: 639px) 100vw, 639px\" \/>\t\t\t\t\t\t\t\t\t\t\t\t\t\t\t<\/div>\n\t\t\t\t<\/div>\n\t\t\t\t<\/div>\n\t\t\t\t\t<\/div>\n\t\t\t\t<\/div>\n\t\t\t\t<\/div>","protected":false},"excerpt":{"rendered":"<p>MM ENGINEERS We help companies to create design specifications for their products, design guidelines, technical sheets, etc. typically these types of companies fabricate a product for the construction sector.<\/p>","protected":false},"author":1,"featured_media":0,"parent":0,"menu_order":0,"comment_status":"closed","ping_status":"closed","template":"elementor_header_footer","meta":{"footnotes":""},"class_list":["post-187","page","type-page","status-publish","hentry"],"_links":{"self":[{"href":"https:\/\/www.mm-eng.com\/es\/wp-json\/wp\/v2\/pages\/187","targetHints":{"allow":["GET"]}}],"collection":[{"href":"https:\/\/www.mm-eng.com\/es\/wp-json\/wp\/v2\/pages"}],"about":[{"href":"https:\/\/www.mm-eng.com\/es\/wp-json\/wp\/v2\/types\/page"}],"author":[{"embeddable":true,"href":"https:\/\/www.mm-eng.com\/es\/wp-json\/wp\/v2\/users\/1"}],"replies":[{"embeddable":true,"href":"https:\/\/www.mm-eng.com\/es\/wp-json\/wp\/v2\/comments?post=187"}],"version-history":[{"count":12,"href":"https:\/\/www.mm-eng.com\/es\/wp-json\/wp\/v2\/pages\/187\/revisions"}],"predecessor-version":[{"id":455,"href":"https:\/\/www.mm-eng.com\/es\/wp-json\/wp\/v2\/pages\/187\/revisions\/455"}],"wp:attachment":[{"href":"https:\/\/www.mm-eng.com\/es\/wp-json\/wp\/v2\/media?parent=187"}],"curies":[{"name":"wp","href":"https:\/\/api.w.org\/{rel}","templated":true}]}}