{"id":163,"date":"2024-08-30T05:02:25","date_gmt":"2024-08-30T05:02:25","guid":{"rendered":"https:\/\/www.mm-eng.com\/?page_id=163"},"modified":"2024-10-11T17:43:40","modified_gmt":"2024-10-11T17:43:40","slug":"sensequake","status":"publish","type":"page","link":"https:\/\/www.mm-eng.com\/es\/sensequake\/","title":{"rendered":"Sensequake servicio"},"content":{"rendered":"<div data-elementor-type=\"wp-page\" data-elementor-id=\"163\" class=\"elementor elementor-163\">\n\t\t\t\t<div class=\"elementor-element elementor-element-f27f196 e-flex e-con-boxed e-con e-parent\" data-id=\"f27f196\" data-element_type=\"container\" data-e-type=\"container\">\n\t\t\t\t\t<div class=\"e-con-inner\">\n\t\t\t\t<div class=\"elementor-element elementor-element-83dc5c5 elementor-widget elementor-widget-spacer\" data-id=\"83dc5c5\" data-element_type=\"widget\" data-e-type=\"widget\" data-widget_type=\"spacer.default\">\n\t\t\t\t<div class=\"elementor-widget-container\">\n\t\t\t\t\t\t\t<div class=\"elementor-spacer\">\n\t\t\t<div class=\"elementor-spacer-inner\"><\/div>\n\t\t<\/div>\n\t\t\t\t\t\t<\/div>\n\t\t\t\t<\/div>\n\t\t\t\t\t<\/div>\n\t\t\t\t<\/div>\n\t\t<div class=\"elementor-element elementor-element-3b888fb e-flex e-con-boxed e-con e-parent\" data-id=\"3b888fb\" data-element_type=\"container\" data-e-type=\"container\">\n\t\t\t\t\t<div class=\"e-con-inner\">\n\t\t<div class=\"elementor-element elementor-element-514b103 e-con-full e-flex e-con e-child\" data-id=\"514b103\" data-element_type=\"container\" data-e-type=\"container\">\n\t\t\t\t<div class=\"elementor-element elementor-element-d17bd65 elementor-widget elementor-widget-heading\" data-id=\"d17bd65\" data-element_type=\"widget\" data-e-type=\"widget\" data-widget_type=\"heading.default\">\n\t\t\t\t<div class=\"elementor-widget-container\">\n\t\t\t\t\t<h4 class=\"elementor-heading-title elementor-size-default\">MM ENGINEERS<\/h4>\t\t\t\t<\/div>\n\t\t\t\t<\/div>\n\t\t\t\t<div class=\"elementor-element elementor-element-4a8bacd elementor-widget elementor-widget-heading\" data-id=\"4a8bacd\" data-element_type=\"widget\" data-e-type=\"widget\" data-widget_type=\"heading.default\">\n\t\t\t\t<div class=\"elementor-widget-container\">\n\t\t\t\t\t<h3 class=\"elementor-heading-title elementor-size-default\">APLICACIONES<\/h3>\t\t\t\t<\/div>\n\t\t\t\t<\/div>\n\t\t\t\t<div class=\"elementor-element elementor-element-73821fc elementor-widget elementor-widget-heading\" data-id=\"73821fc\" data-element_type=\"widget\" data-e-type=\"widget\" data-widget_type=\"heading.default\">\n\t\t\t\t<div class=\"elementor-widget-container\">\n\t\t\t\t\t<h4 class=\"elementor-heading-title elementor-size-default\">MONITOREO DE VIBRACIONES.<\/h4>\t\t\t\t<\/div>\n\t\t\t\t<\/div>\n\t\t\t\t<div class=\"elementor-element elementor-element-29c75c9 elementor-widget elementor-widget-text-editor\" data-id=\"29c75c9\" data-element_type=\"widget\" data-e-type=\"widget\" data-widget_type=\"text-editor.default\">\n\t\t\t\t<div class=\"elementor-widget-container\">\n\t\t\t\t\t\t\t\t\t<p>Encontrar las frecuencias naturales, las formas modales y los \u00edndices de amortiguamiento para crear una l\u00ednea base.<\/p>\t\t\t\t\t\t\t\t<\/div>\n\t\t\t\t<\/div>\n\t\t\t\t<div class=\"elementor-element elementor-element-2ad59ce elementor-widget elementor-widget-heading\" data-id=\"2ad59ce\" data-element_type=\"widget\" data-e-type=\"widget\" data-widget_type=\"heading.default\">\n\t\t\t\t<div class=\"elementor-widget-container\">\n\t\t\t\t\t<h4 class=\"elementor-heading-title elementor-size-default\">EVALUACI\u00d3N ESTRUCTURAL NO DESTRUCTIVA O INDIRECTA<\/h4>\t\t\t\t<\/div>\n\t\t\t\t<\/div>\n\t\t\t\t<div class=\"elementor-element elementor-element-8986b67 elementor-widget elementor-widget-text-editor\" data-id=\"8986b67\" data-element_type=\"widget\" data-e-type=\"widget\" data-widget_type=\"text-editor.default\">\n\t\t\t\t<div class=\"elementor-widget-container\">\n\t\t\t\t\t\t\t\t\t<p>Concentr\u00e1ndose en ubicaciones cr\u00edticas, examine la integridad entre bloques estructurales, juntas estructurales o la flexibilidad de los pisos.<\/p>\t\t\t\t\t\t\t\t<\/div>\n\t\t\t\t<\/div>\n\t\t\t\t<div class=\"elementor-element elementor-element-f4957fa elementor-widget elementor-widget-heading\" data-id=\"f4957fa\" data-element_type=\"widget\" data-e-type=\"widget\" data-widget_type=\"heading.default\">\n\t\t\t\t<div class=\"elementor-widget-container\">\n\t\t\t\t\t<h4 class=\"elementor-heading-title elementor-size-default\">MONITOREO DE VIBRACI\u00d3N<\/h4>\t\t\t\t<\/div>\n\t\t\t\t<\/div>\n\t\t\t\t<div class=\"elementor-element elementor-element-c756fa5 elementor-widget elementor-widget-text-editor\" data-id=\"c756fa5\" data-element_type=\"widget\" data-e-type=\"widget\" data-widget_type=\"text-editor.default\">\n\t\t\t\t<div class=\"elementor-widget-container\">\n\t\t\t\t\t\t\t\t\t<p>Seguimiento de vibraciones a largo plazo para detectar movimientos excesivos. \u00datil en sitios de construcci\u00f3n para estructuras muy sensibles.<\/p>\t\t\t\t\t\t\t\t<\/div>\n\t\t\t\t<\/div>\n\t\t\t\t<div class=\"elementor-element elementor-element-00917ec elementor-widget elementor-widget-heading\" data-id=\"00917ec\" data-element_type=\"widget\" data-e-type=\"widget\" data-widget_type=\"heading.default\">\n\t\t\t\t<div class=\"elementor-widget-container\">\n\t\t\t\t\t<h4 class=\"elementor-heading-title elementor-size-default\">MONITOREO DE ESTRUCTURA<\/h4>\t\t\t\t<\/div>\n\t\t\t\t<\/div>\n\t\t\t\t<div class=\"elementor-element elementor-element-8fb2091 elementor-widget elementor-widget-text-editor\" data-id=\"8fb2091\" data-element_type=\"widget\" data-e-type=\"widget\" data-widget_type=\"text-editor.default\">\n\t\t\t\t<div class=\"elementor-widget-container\">\n\t\t\t\t\t\t\t\t\t<p>Monitorear las propiedades modales de una estructura de forma peri\u00f3dica o permanente para detectar cambios ocultos<\/p>\t\t\t\t\t\t\t\t<\/div>\n\t\t\t\t<\/div>\n\t\t\t\t<div class=\"elementor-element elementor-element-d381ed9 elementor-widget elementor-widget-heading\" data-id=\"d381ed9\" data-element_type=\"widget\" data-e-type=\"widget\" data-widget_type=\"heading.default\">\n\t\t\t\t<div class=\"elementor-widget-container\">\n\t\t\t\t\t<h4 class=\"elementor-heading-title elementor-size-default\">MEJORA DE LA CONFIABILIDAD DE LOS MODELOS BASADOS EN SUPUESTOS<\/h4>\t\t\t\t<\/div>\n\t\t\t\t<\/div>\n\t\t\t\t<div class=\"elementor-element elementor-element-6001817 elementor-widget elementor-widget-text-editor\" data-id=\"6001817\" data-element_type=\"widget\" data-e-type=\"widget\" data-widget_type=\"text-editor.default\">\n\t\t\t\t<div class=\"elementor-widget-container\">\n\t\t\t\t\t\t\t\t\t<p>Calibrar modelos de elementos finitos preexistentes para aumentar la confiabilidad<\/p>\t\t\t\t\t\t\t\t<\/div>\n\t\t\t\t<\/div>\n\t\t\t\t<div class=\"elementor-element elementor-element-9923f1f elementor-widget elementor-widget-heading\" data-id=\"9923f1f\" data-element_type=\"widget\" data-e-type=\"widget\" data-widget_type=\"heading.default\">\n\t\t\t\t<div class=\"elementor-widget-container\">\n\t\t\t\t\t<h4 class=\"elementor-heading-title elementor-size-default\">EVALUACI\u00d3N SISMICA ESTRUCTURAL<\/h4>\t\t\t\t<\/div>\n\t\t\t\t<\/div>\n\t\t\t\t<div class=\"elementor-element elementor-element-fff6893 elementor-widget elementor-widget-text-editor\" data-id=\"fff6893\" data-element_type=\"widget\" data-e-type=\"widget\" data-widget_type=\"text-editor.default\">\n\t\t\t\t<div class=\"elementor-widget-container\">\n\t\t\t\t\t\t\t\t\t<p>Realizamos an\u00e1lisis de historial de tiempo en cualquier cantidad de movimientos del suelo para proporcionar las m\u00e1ximas demandas s\u00edsmicas globales.<\/p>\t\t\t\t\t\t\t\t<\/div>\n\t\t\t\t<\/div>\n\t\t\t\t<div class=\"elementor-element elementor-element-157ad49 elementor-widget elementor-widget-heading\" data-id=\"157ad49\" data-element_type=\"widget\" data-e-type=\"widget\" data-widget_type=\"heading.default\">\n\t\t\t\t<div class=\"elementor-widget-container\">\n\t\t\t\t\t<h4 class=\"elementor-heading-title elementor-size-default\">EVALUACI\u00d3N SISMICA NO ESTRUCTURAL<\/h4>\t\t\t\t<\/div>\n\t\t\t\t<\/div>\n\t\t\t\t<div class=\"elementor-element elementor-element-00d70a9 elementor-widget elementor-widget-text-editor\" data-id=\"00d70a9\" data-element_type=\"widget\" data-e-type=\"widget\" data-widget_type=\"text-editor.default\">\n\t\t\t\t<div class=\"elementor-widget-container\">\n\t\t\t\t\t\t\t\t\t<p>Proporcionamos espectros de respuesta en cualquier ubicaci\u00f3n de la plataforma estructural.<\/p>\t\t\t\t\t\t\t\t<\/div>\n\t\t\t\t<\/div>\n\t\t\t\t<div class=\"elementor-element elementor-element-5596457 elementor-widget elementor-widget-heading\" data-id=\"5596457\" data-element_type=\"widget\" data-e-type=\"widget\" data-widget_type=\"heading.default\">\n\t\t\t\t<div class=\"elementor-widget-container\">\n\t\t\t\t\t<h4 class=\"elementor-heading-title elementor-size-default\">ESTIMACI\u00d3N DE DA\u00d1OS<\/h4>\t\t\t\t<\/div>\n\t\t\t\t<\/div>\n\t\t\t\t<div class=\"elementor-element elementor-element-9806d09 elementor-widget elementor-widget-text-editor\" data-id=\"9806d09\" data-element_type=\"widget\" data-e-type=\"widget\" data-widget_type=\"text-editor.default\">\n\t\t\t\t<div class=\"elementor-widget-container\">\n\t\t\t\t\t\t\t\t\t<p>Comparaci\u00f3n de las demandas s\u00edsmicas con los c\u00f3digos para obtener estimaciones del tiempo de reparaci\u00f3n y el costo de los da\u00f1os.<\/p>\t\t\t\t\t\t\t\t<\/div>\n\t\t\t\t<\/div>\n\t\t\t\t<\/div>\n\t\t\t\t<div class=\"elementor-element elementor-element-7658b5e elementor-widget elementor-widget-spacer\" data-id=\"7658b5e\" data-element_type=\"widget\" data-e-type=\"widget\" data-widget_type=\"spacer.default\">\n\t\t\t\t<div class=\"elementor-widget-container\">\n\t\t\t\t\t\t\t<div class=\"elementor-spacer\">\n\t\t\t<div class=\"elementor-spacer-inner\"><\/div>\n\t\t<\/div>\n\t\t\t\t\t\t<\/div>\n\t\t\t\t<\/div>\n\t\t<div class=\"elementor-element elementor-element-682135e e-con-full e-flex e-con e-child\" data-id=\"682135e\" data-element_type=\"container\" data-e-type=\"container\">\n\t\t\t\t<div class=\"elementor-element elementor-element-2130ea5 elementor-widget elementor-widget-image\" data-id=\"2130ea5\" data-element_type=\"widget\" data-e-type=\"widget\" data-widget_type=\"image.default\">\n\t\t\t\t<div class=\"elementor-widget-container\">\n\t\t\t\t\t\t\t\t\t\t\t\t\t\t\t<img fetchpriority=\"high\" decoding=\"async\" width=\"1024\" height=\"574\" src=\"https:\/\/i0.wp.com\/www.mm-eng.com\/wp-content\/uploads\/2024\/08\/Canadian-parliament-1.jpg?fit=1024%2C574&amp;ssl=1\" class=\"attachment-large size-large wp-image-167\" alt=\"\" srcset=\"https:\/\/i0.wp.com\/www.mm-eng.com\/wp-content\/uploads\/2024\/08\/Canadian-parliament-1.jpg?w=1280&amp;ssl=1 1280w, https:\/\/i0.wp.com\/www.mm-eng.com\/wp-content\/uploads\/2024\/08\/Canadian-parliament-1.jpg?resize=300%2C168&amp;ssl=1 300w, https:\/\/i0.wp.com\/www.mm-eng.com\/wp-content\/uploads\/2024\/08\/Canadian-parliament-1.jpg?resize=1024%2C574&amp;ssl=1 1024w, https:\/\/i0.wp.com\/www.mm-eng.com\/wp-content\/uploads\/2024\/08\/Canadian-parliament-1.jpg?resize=768%2C431&amp;ssl=1 768w\" sizes=\"(max-width: 1000px) 100vw, 1000px\" \/>\t\t\t\t\t\t\t\t\t\t\t\t\t\t\t<\/div>\n\t\t\t\t<\/div>\n\t\t\t\t<div class=\"elementor-element elementor-element-5c1ba9e elementor-widget elementor-widget-image\" data-id=\"5c1ba9e\" data-element_type=\"widget\" data-e-type=\"widget\" data-widget_type=\"image.default\">\n\t\t\t\t<div class=\"elementor-widget-container\">\n\t\t\t\t\t\t\t\t\t\t\t\t\t\t\t<img decoding=\"async\" width=\"1024\" height=\"572\" src=\"https:\/\/i0.wp.com\/www.mm-eng.com\/wp-content\/uploads\/2024\/08\/The-new-Samuel-de-Champlain-Bridge.jpg?fit=1024%2C572&amp;ssl=1\" class=\"attachment-large size-large wp-image-168\" alt=\"\" srcset=\"https:\/\/i0.wp.com\/www.mm-eng.com\/wp-content\/uploads\/2024\/08\/The-new-Samuel-de-Champlain-Bridge.jpg?w=1288&amp;ssl=1 1288w, https:\/\/i0.wp.com\/www.mm-eng.com\/wp-content\/uploads\/2024\/08\/The-new-Samuel-de-Champlain-Bridge.jpg?resize=300%2C168&amp;ssl=1 300w, https:\/\/i0.wp.com\/www.mm-eng.com\/wp-content\/uploads\/2024\/08\/The-new-Samuel-de-Champlain-Bridge.jpg?resize=1024%2C572&amp;ssl=1 1024w, https:\/\/i0.wp.com\/www.mm-eng.com\/wp-content\/uploads\/2024\/08\/The-new-Samuel-de-Champlain-Bridge.jpg?resize=768%2C429&amp;ssl=1 768w\" sizes=\"(max-width: 1000px) 100vw, 1000px\" \/>\t\t\t\t\t\t\t\t\t\t\t\t\t\t\t<\/div>\n\t\t\t\t<\/div>\n\t\t\t\t<\/div>\n\t\t\t\t\t<\/div>\n\t\t\t\t<\/div>\n\t\t\t\t<\/div>","protected":false},"excerpt":{"rendered":"<p>MM ENGINEERS APLICATIONS Baseline Analysis Ambien Vibration Test Find the natural frequencies, modal shapes and the damping ratios to create a baseline. NON-DESTRUCTIVE CONDITION ASSESSMENT Focus on critical locations, examine&hellip;<\/p>","protected":false},"author":1,"featured_media":0,"parent":0,"menu_order":0,"comment_status":"closed","ping_status":"open","template":"elementor_header_footer","meta":{"footnotes":""},"class_list":["post-163","page","type-page","status-publish","hentry"],"_links":{"self":[{"href":"https:\/\/www.mm-eng.com\/es\/wp-json\/wp\/v2\/pages\/163","targetHints":{"allow":["GET"]}}],"collection":[{"href":"https:\/\/www.mm-eng.com\/es\/wp-json\/wp\/v2\/pages"}],"about":[{"href":"https:\/\/www.mm-eng.com\/es\/wp-json\/wp\/v2\/types\/page"}],"author":[{"embeddable":true,"href":"https:\/\/www.mm-eng.com\/es\/wp-json\/wp\/v2\/users\/1"}],"replies":[{"embeddable":true,"href":"https:\/\/www.mm-eng.com\/es\/wp-json\/wp\/v2\/comments?post=163"}],"version-history":[{"count":15,"href":"https:\/\/www.mm-eng.com\/es\/wp-json\/wp\/v2\/pages\/163\/revisions"}],"predecessor-version":[{"id":449,"href":"https:\/\/www.mm-eng.com\/es\/wp-json\/wp\/v2\/pages\/163\/revisions\/449"}],"wp:attachment":[{"href":"https:\/\/www.mm-eng.com\/es\/wp-json\/wp\/v2\/media?parent=163"}],"curies":[{"name":"wp","href":"https:\/\/api.w.org\/{rel}","templated":true}]}}